{"id":31674,"date":"2017-10-19T10:20:21","date_gmt":"2017-10-19T08:20:21","guid":{"rendered":"http:\/\/www.photo-booths.be\/?page_id=31674"},"modified":"2022-03-28T18:43:53","modified_gmt":"2022-03-28T16:43:53","slug":"our-booths","status":"publish","type":"page","link":"https:\/\/www.photo-booths.be\/fr\/our-booths\/","title":{"rendered":"Choix de nos Vid\u00e9o et Photo Booths &#8211; Trouves votre Parfait!"},"content":{"rendered":"<div class=\"wpb-content-wrapper\"><p>[vc_row][vc_column][vc_column_text]<\/p>\n<h1>Choix de nos Vid\u00e9o et Photo Booths<\/h1>\n<hr style=\"padding-bottom: 20px;\">\n<div style=\"padding-bottom: 20px;\">\nCette page vous aide \u00e0 trouver le vid\u00e9o ou photo booth parfaite pour vous. Cliquez sur le bouton \u00abPLUS D&rsquo;INFO\u00bb pour obtenir plus d&rsquo;informations.<\/div>\n<hr>\n<p>[\/vc_column_text][vc_column_text]<\/p>\n<h3>Photo-Booth de F\u00eate<\/h3>\n<p>[\/vc_column_text][vc_separator color=\u00a0\u00bbchino\u00a0\u00bb][\/vc_column][\/vc_row][vc_row][vc_column width=\u00a0\u00bb1\/3&Prime;][vc_column_text]<\/p>\n<div class=\"product-photo\" style=\"align: center; min-width: 100%;\"><img decoding=\"async\" class=\"aligncenter wp-image-33607 lazyload\" data-src=\"http:\/\/www.photo-booths.be\/wp-content\/uploads\/2015\/07\/aloha-small-1.png\" alt=\"\" width=\"188\" height=\"500\" data-srcset=\"https:\/\/www.photo-booths.be\/wp-content\/uploads\/2015\/07\/aloha-small-1.png 225w, https:\/\/www.photo-booths.be\/wp-content\/uploads\/2015\/07\/aloha-small-1-113x300.png 113w\" data-sizes=\"auto\" src=\"data:image\/svg+xml;base64,PHN2ZyB3aWR0aD0iMSIgaGVpZ2h0PSIxIiB4bWxucz0iaHR0cDovL3d3dy53My5vcmcvMjAwMC9zdmciPjwvc3ZnPg==\" style=\"--smush-placeholder-width: 188px; --smush-placeholder-aspect-ratio: 188\/500;\" data-original-sizes=\"(max-width: 188px) 100vw, 188px\" \/><\/div>\n<p>[\/vc_column_text][\/vc_column][vc_column width=\u00a0\u00bb2\/3&Prime;][vc_row_inner][vc_column_inner][vc_column_text]<\/p>\n<div style=\"text-align: justify;\">Louez notre Photo-Booth et <strong>donner vie \u00e0 votre f\u00eate.<\/strong> Vous obtenez des<strong> impressions instantan\u00e9es<\/strong> et vous pouvez imm\u00e9diatement <strong>partager vos photos en ligne<\/strong> sur Facebook et Twitter, ainsi que les envoyer \u00e0 votre PC ou votre appareil mobile. R\u00e9servez d\u00e8s maintenant pour profiter de l&rsquo;exp\u00e9rience ultime du Photo-Booth!<\/div>\n<p>[\/vc_column_text][\/vc_column_inner][\/vc_row_inner][vc_row_inner][vc_column_inner offset=\u00a0\u00bbvc_hidden-xs\u00a0\u00bb][vc_column_text]<\/p>\n<h4>Caract\u00e9ristiques:<\/h4>\n<hr style=\"padding-bottom: 15px;\">\n<ul>\n<li><strong>Livraison GRATUITE<\/strong><\/li>\n<li>Photos illimit\u00e9<\/li>\n<li>Assistance technique 24h<\/li>\n<li>Qualit\u00e9 haute d\u00e9finition<\/li>\n<li>Impression personnalis\u00e9e<\/li>\n<li><a href=\"http:\/\/www.photo-booths.be\/fr\/arriere-plans\/\">Choix de fonds gratuits<\/a><\/li>\n<li>Mise en place d\u2019un studio photo<\/li>\n<li>Choix d\u2019accessoires amusants<\/li>\n<li>Point de Partage en ligne<\/li>\n<li>\u00c9cran tactile avec Live View<\/li>\n<\/ul>\n<hr style=\"padding-top: 15px;\">\n<p>[\/vc_column_text][\/vc_column_inner][\/vc_row_inner][vc_row_inner][vc_column_inner][vc_btn title=\u00a0\u00bbPLUS D&rsquo;INFO\u00a0\u00bb align=\u00a0\u00bbright\u00a0\u00bb i_icon_fontawesome=\u00a0\u00bbfa fa-plus\u00a0\u00bb add_icon=\u00a0\u00bbtrue\u00a0\u00bb link=\u00a0\u00bburl:%2Ffr%2Fparty-photo-booth%2F|||\u00a0\u00bb][\/vc_column_inner][\/vc_row_inner][\/vc_column][\/vc_row][vc_row][vc_column][vc_separator color=\u00a0\u00bbchino\u00a0\u00bb][vc_column_text]<\/p>\n<h3>Photo-Booth Mariage<\/h3>\n<p>[\/vc_column_text][vc_separator color=\u00a0\u00bbchino\u00a0\u00bb][\/vc_column][\/vc_row][vc_row][vc_column width=\u00a0\u00bb1\/3&Prime;][vc_column_text]<\/p>\n<div class=\"product-photo\" style=\"align: center; min-width: 100%;\"><img decoding=\"async\" class=\"aligncenter wp-image-33610 lazyload\" data-src=\"http:\/\/www.photo-booths.be\/wp-content\/uploads\/2015\/07\/greenery-front1.png\" alt=\"\" width=\"190\" height=\"500\" data-srcset=\"https:\/\/www.photo-booths.be\/wp-content\/uploads\/2015\/07\/greenery-front1.png 228w, https:\/\/www.photo-booths.be\/wp-content\/uploads\/2015\/07\/greenery-front1-114x300.png 114w\" data-sizes=\"auto\" src=\"data:image\/svg+xml;base64,PHN2ZyB3aWR0aD0iMSIgaGVpZ2h0PSIxIiB4bWxucz0iaHR0cDovL3d3dy53My5vcmcvMjAwMC9zdmciPjwvc3ZnPg==\" style=\"--smush-placeholder-width: 190px; --smush-placeholder-aspect-ratio: 190\/500;\" data-original-sizes=\"(max-width: 190px) 100vw, 190px\" \/><\/div>\n<p>[\/vc_column_text][\/vc_column][vc_column width=\u00a0\u00bb2\/3&Prime;][vc_row_inner][vc_column_inner][vc_column_text]<\/p>\n<div style=\"text-align: justify;\">Louez de notre Photo-Booth de mariage- l&rsquo;exp\u00e9rience ultime du Photo-Booth pour vous et vos invit\u00e9s de mariage. Il est class\u00e9, amusant et prendra des photos outrageantes. En plus, vous recevrez un m\u00e9moire unique \u00e0 partir de votre jour de mariage &#8211; <strong>un beau livre d&rsquo;or avec des souhaits \u00e9crits \u00e0 la main de vos invit\u00e9s.<\/strong><\/div>\n<p>[\/vc_column_text][\/vc_column_inner][\/vc_row_inner][vc_column_text]<\/p>\n<h4>Caract\u00e9ristiques:<\/h4>\n<hr style=\"padding-bottom: 15px;\">\n<ul>\n<li><strong>Livraison GRATUITE<\/strong><\/li>\n<li>Photos illimit\u00e9<\/li>\n<li>Assistance technique 24h<\/li>\n<li>Qualit\u00e9 haute d\u00e9finition<\/li>\n<li>Impression personnalis\u00e9e<\/li>\n<li>Mise en place d\u2019un studio photo<\/li>\n<li><a href=\"http:\/\/www.photo-booths.be\/fr\/guest-books\/\" target=\"_blank\" rel=\"noopener noreferrer\">Photo Livre d\u2019or GRATUIT<\/a><\/li>\n<li><a href=\"http:\/\/www.photo-booths.be\/fr\/arriere-plans\/\">Choix de toile de fond<\/a><\/li>\n<li>Choix des accessoires amusants<\/li>\n<li>Point de Partage en ligne<\/li>\n<li>\u00c9cran tactile avec Live View<\/li>\n<\/ul>\n<hr style=\"padding-top:15px;\">\n<p>[\/vc_column_text][vc_row_inner][vc_column_inner][vc_btn title=\u00a0\u00bbPLUS D&rsquo;INFO\u00a0\u00bb align=\u00a0\u00bbright\u00a0\u00bb i_icon_fontawesome=\u00a0\u00bbfa fa-plus\u00a0\u00bb add_icon=\u00a0\u00bbtrue\u00a0\u00bb link=\u00a0\u00bburl:%2Ffr%2Fwedding-photo-booth%2F|||\u00a0\u00bb][\/vc_column_inner][\/vc_row_inner][\/vc_column][\/vc_row][vc_row][vc_column][vc_separator color=\u00a0\u00bbchino\u00a0\u00bb][vc_column_text]<\/p>\n<h3>Photo-Booth Fond Vert<\/h3>\n<p>[\/vc_column_text][vc_separator color=\u00a0\u00bbchino\u00a0\u00bb][\/vc_column][\/vc_row][vc_row][vc_column width=\u00a0\u00bb1\/2&Prime;][vc_single_image image=\u00a0\u00bb39335&Prime; img_size=\u00a0\u00bblarge\u00a0\u00bb][\/vc_column][vc_column width=\u00a0\u00bb1\/2&Prime;][vc_row_inner][vc_column_inner][vc_column_text]<\/p>\n<div style=\"text-align: justify;\">Faites de votre exp\u00e9rience de Photo-Booth un moment encore <strong>plus excitant<\/strong>. Remplacez un arri\u00e8re-plan vert par un arri\u00e8re-plan digital\u00a0en utilisant <strong>la technologie de pointe Green Screen \u2122<\/strong>. Le processus est enti\u00e8rement <strong>automatis\u00e9 et sans effort<\/strong>. Vous pouvez configurer un arri\u00e8re-plan ou permettre \u00e0 vos invit\u00e9s d\u2019en choisir parmi plusieurs.<\/div>\n<p>[\/vc_column_text][\/vc_column_inner][\/vc_row_inner][vc_row_inner][vc_column_inner offset=\u00a0\u00bbvc_hidden-xs\u00a0\u00bb][vc_column_text]<\/p>\n<h4>Caract\u00e9ristiques:<\/h4>\n<hr style=\"padding-bottom: 15px;\">\n<ul>\n<li><strong>Livraison GRATUITE<\/strong><\/li>\n<li>Photos illimit\u00e9<\/li>\n<li>Assistance technique 24h<\/li>\n<li>Qualit\u00e9 haute d\u00e9finition<\/li>\n<li>Impression personnalis\u00e9e<\/li>\n<li>Fond Vert Technologie\u2122<\/li>\n<li>Mise en place d\u2019un studio photo<\/li>\n<li>Choix des accessoires amusants<\/li>\n<li>Point de Partage en ligne<\/li>\n<li>\u00c9cran tactile avec Live View<\/li>\n<\/ul>\n<hr style=\"padding-top:15px;\">\n<p>[\/vc_column_text][\/vc_column_inner][\/vc_row_inner][vc_row_inner][vc_column_inner][vc_btn title=\u00a0\u00bbPLUS D&rsquo;INFO\u00a0\u00bb align=\u00a0\u00bbright\u00a0\u00bb i_icon_fontawesome=\u00a0\u00bbfa fa-plus\u00a0\u00bb add_icon=\u00a0\u00bbtrue\u00a0\u00bb link=\u00a0\u00bburl:%2Ffr%2Fgreen-screen-booth%2F|||\u00a0\u00bb][\/vc_column_inner][\/vc_row_inner][\/vc_column][\/vc_row][vc_row][vc_column][vc_separator color=\u00a0\u00bbchino\u00a0\u00bb][vc_column_text]<\/p>\n<h3>Location \u00e0 long terme<\/h3>\n<p>[\/vc_column_text][vc_separator color=\u00a0\u00bbchino\u00a0\u00bb][\/vc_column][\/vc_row][vc_row][vc_column width=\u00a0\u00bb1\/3&Prime;][vc_column_text]<img decoding=\"async\" class=\"aligncenter wp-image-33613 lazyload\" data-src=\"http:\/\/www.photo-booths.be\/wp-content\/uploads\/2015\/07\/white-small-1.png\" alt=\"\" width=\"190\" height=\"500\" data-srcset=\"https:\/\/www.photo-booths.be\/wp-content\/uploads\/2015\/07\/white-small-1.png 228w, https:\/\/www.photo-booths.be\/wp-content\/uploads\/2015\/07\/white-small-1-114x300.png 114w\" data-sizes=\"auto\" src=\"data:image\/svg+xml;base64,PHN2ZyB3aWR0aD0iMSIgaGVpZ2h0PSIxIiB4bWxucz0iaHR0cDovL3d3dy53My5vcmcvMjAwMC9zdmciPjwvc3ZnPg==\" style=\"--smush-placeholder-width: 190px; --smush-placeholder-aspect-ratio: 190\/500;\" data-original-sizes=\"(max-width: 190px) 100vw, 190px\" \/>[\/vc_column_text][\/vc_column][vc_column width=\u00a0\u00bb2\/3&Prime;][vc_row_inner][vc_column_inner][vc_column_text]<\/p>\n<div style=\"text-align: justify;\">C&rsquo;est un <strong>outil de marketing ultime<\/strong> &#8211; parfait pour <strong>stimuler votre pr\u00e9sence dans les m\u00e9dias sociaux<\/strong>. Toutes les impressions et les photos peuvent \u00eatre <strong>marqu\u00e9es avec votre logo<\/strong>. Vos invit\u00e9s peuvent obtenir des impressions instantan\u00e9es et\/ou partager leurs photos en ligne via Facebook et Twitter, ou les envoyer \u00e0 leur PC ou un appareil mobile.<\/div>\n<p>[\/vc_column_text][\/vc_column_inner][\/vc_row_inner][vc_row_inner][vc_column_inner offset=\u00a0\u00bbvc_hidden-xs\u00a0\u00bb][vc_column_text]<\/p>\n<h4>Caract\u00e9ristiques:<\/h4>\n<hr style=\"padding-bottom: 15px;\">\n<ul>\n<li>100% Personnalisation<\/li>\n<li>Qualit\u00e9 haute d\u00e9finition<\/li>\n<li>Galerie Web des photos<\/li>\n<li>Cl\u00e9 USB avec des photos<\/li>\n<li>Nombre illimit\u00e9 de photos<\/li>\n<li>Impression personnalis\u00e9e<\/li>\n<li>\u00c9cran tactile avec Live View<\/li>\n<li>Point de Partage en ligne<\/li>\n<li>Mode vid\u00e9o interactif<\/li>\n<li>Mise en place d\u2019un studio photo<\/li>\n<\/ul>\n<hr style=\"padding-top: 15px;\">\n<p>[\/vc_column_text][\/vc_column_inner][\/vc_row_inner][vc_row_inner][vc_column_inner][vc_btn title=\u00a0\u00bbPLUS D&rsquo;INFO\u00a0\u00bb align=\u00a0\u00bbright\u00a0\u00bb i_icon_fontawesome=\u00a0\u00bbfa fa-plus\u00a0\u00bb add_icon=\u00a0\u00bbtrue\u00a0\u00bb link=\u00a0\u00bburl:%2Ffr%2Fcustom-booth%2F|||\u00a0\u00bb][\/vc_column_inner][\/vc_row_inner][\/vc_column][\/vc_row][vc_row][vc_column][vc_separator color=\u00a0\u00bbchino\u00a0\u00bb][vc_column_text]<\/p>\n<h3>Vid\u00e9o Booth<\/h3>\n<p>[\/vc_column_text][vc_separator color=\u00a0\u00bbchino\u00a0\u00bb][\/vc_column][\/vc_row][vc_row][vc_column width=\u00a0\u00bb1\/3&Prime;][vc_single_image image=\u00a0\u00bb37039&Prime; img_size=\u00a0\u00bblarge\u00a0\u00bb][\/vc_column][vc_column width=\u00a0\u00bb2\/3&Prime;][vc_row_inner][vc_column_inner][vc_column_text]<\/p>\n<div style=\"text-align: justify;\">Notre Cabine Vid\u00e9o permet aux invit\u00e9s de facilement laisser des messages vid\u00e9o lors de vos mariages, f\u00eates, conf\u00e9rences et \u00e9v\u00e9nements d&rsquo;affaires. Il a deux modes: question vid\u00e9o et message vid\u00e9o. Il est enti\u00e8rement personnalisable.<\/div>\n<p>[\/vc_column_text][\/vc_column_inner][\/vc_row_inner][vc_row_inner][vc_column_inner offset=\u00a0\u00bbvc_hidden-xs\u00a0\u00bb][vc_column_text]<\/p>\n<h4>Caract\u00e9ristiques:<\/h4>\n<hr style=\"padding-bottom: 15px;\">\n<ul>\n<li><strong>Livraison GRATUITE<\/strong><\/li>\n<li>Qualit\u00e9 haute d\u00e9finition<\/li>\n<li>Cl\u00e9 USB avec des videos<\/li>\n<li>Nombre illimit\u00e9 de videos<\/li>\n<li><a href=\"http:\/\/www.photo-booths.be\/fr\/arriere-plans\/\">Choix de toile de fond<\/a><\/li>\n<li>Mode vid\u00e9o interactif<\/li>\n<li>Choix des accessoires<\/li>\n<li>\u00c9cran tactile avec Live View<\/li>\n<\/ul>\n<hr style=\"padding-top: 15px;\">\n<p>[\/vc_column_text][\/vc_column_inner][\/vc_row_inner][vc_row_inner][vc_column_inner][vc_btn title=\u00a0\u00bbPLUS D&rsquo;INFO\u00a0\u00bb align=\u00a0\u00bbright\u00a0\u00bb i_icon_fontawesome=\u00a0\u00bbfa fa-plus\u00a0\u00bb add_icon=\u00a0\u00bbtrue\u00a0\u00bb link=\u00a0\u00bburl:%2Ffr%2Fvideo-booth%2F|||\u00a0\u00bb][\/vc_column_inner][\/vc_row_inner][\/vc_column][\/vc_row][vc_row][vc_column offset=\u00a0\u00bbvc_hidden-md vc_hidden-sm vc_hidden-xs\u00a0\u00bb][vc_column_text]<\/p>\n<p>\n<a href=\"#\" class=\"float\"><span class=\"my-float\">DEMANDER UNE OFFRE<\/span><\/a><\/p>\n<p>[\/vc_column_text][\/vc_column][\/vc_row][vc_row][vc_column offset=\u00a0\u00bbvc_hidden-lg\u00a0\u00bb][vc_column_text]<\/p>\n<p>\n<a href=\"https:\/\/www.photo-booths.be\/fr\/contact\/\" class=\"float\"><span class=\"my-float\">DEMANDER UNE OFFRE<\/span><\/a><\/p>\n<p>[\/vc_column_text][\/vc_column][\/vc_row]<\/p>\n<\/div>","protected":false},"excerpt":{"rendered":"<p>[vc_row][vc_column][vc_column_text] Choix de nos Vid\u00e9o et Photo Booths Cette page vous aide \u00e0 trouver le vid\u00e9o ou photo booth parfaite pour vous. Cliquez sur le bouton \u00abPLUS D&rsquo;INFO\u00bb pour obtenir plus d&rsquo;informations. [\/vc_column_text][vc_column_text] Photo-Booth de F\u00eate [\/vc_column_text][vc_separator color=\u00a0\u00bbchino\u00a0\u00bb][\/vc_column][\/vc_row][vc_row][vc_column width=\u00a0\u00bb1\/3&Prime;][vc_column_text] [\/vc_column_text][\/vc_column][vc_column width=\u00a0\u00bb2\/3&Prime;][vc_row_inner][vc_column_inner][vc_column_text] Louez notre Photo-Booth et donner vie \u00e0 votre f\u00eate. Vous obtenez des impressions instantan\u00e9es&hellip;<\/p>\n","protected":false},"author":1,"featured_media":0,"parent":0,"menu_order":0,"comment_status":"closed","ping_status":"closed","template":"","meta":{"footnotes":""},"class_list":["post-31674","page","type-page","status-publish","hentry","description-off"],"_links":{"self":[{"href":"https:\/\/www.photo-booths.be\/fr\/wp-json\/wp\/v2\/pages\/31674","targetHints":{"allow":["GET"]}}],"collection":[{"href":"https:\/\/www.photo-booths.be\/fr\/wp-json\/wp\/v2\/pages"}],"about":[{"href":"https:\/\/www.photo-booths.be\/fr\/wp-json\/wp\/v2\/types\/page"}],"author":[{"embeddable":true,"href":"https:\/\/www.photo-booths.be\/fr\/wp-json\/wp\/v2\/users\/1"}],"replies":[{"embeddable":true,"href":"https:\/\/www.photo-booths.be\/fr\/wp-json\/wp\/v2\/comments?post=31674"}],"version-history":[{"count":0,"href":"https:\/\/www.photo-booths.be\/fr\/wp-json\/wp\/v2\/pages\/31674\/revisions"}],"wp:attachment":[{"href":"https:\/\/www.photo-booths.be\/fr\/wp-json\/wp\/v2\/media?parent=31674"}],"curies":[{"name":"wp","href":"https:\/\/api.w.org\/{rel}","templated":true}]}}