{"id":31709,"date":"2017-10-19T10:44:49","date_gmt":"2017-10-19T08:44:49","guid":{"rendered":"http:\/\/www.photo-booths.be\/?page_id=31709"},"modified":"2022-03-28T18:42:57","modified_gmt":"2022-03-28T16:42:57","slug":"guest-books","status":"publish","type":"page","link":"https:\/\/www.photo-booths.be\/fr\/guest-books\/","title":{"rendered":"Notre S\u00e9lection de Livre D&rsquo;Or | Photo Booths Belgique"},"content":{"rendered":"<div class=\"wpb-content-wrapper\"><p>[vc_row][vc_column][vc_column_text]<\/p>\n<h1>NOTRE S\u00c9LECTION DE LIVRE D&rsquo;OR<\/h1>\n<hr style=\"padding-bottom: 20px;\">\n<p>[\/vc_column_text][\/vc_column][\/vc_row][vc_row][vc_column][vc_column_text]<\/p>\n<div style=\"text-align: justify; text-justify: inter-word;\">Cr\u00e9ez un photo-m\u00e9moire personnalisable \u00e0 partir de votre Photo-Booth \u00e9v\u00e9nement. Vos invit\u00e9s pourront laisser des inscriptions (souhaits, remerciements) \u00e0 c\u00f4t\u00e9 des bandes photo avec des marqueurs en argent ou en or ou des stylos. Maintenant, avec nos livre d\u2019or r\u00e9tro et Premium, nous offrons de magnifiques bandes WASHI pour coller les photos, si vous f\u00eatez un mariage ou un anniversaire, vous recevrez un livre d&rsquo;invit\u00e9 photo de base comme cadeau!<\/div>\n<p>[\/vc_column_text][vc_separator color=\u00a0\u00bbchino\u00a0\u00bb][\/vc_column][\/vc_row][vc_row][vc_column width=\u00a0\u00bb1\/2&Prime;][vc_single_image image=\u00a0\u00bb33761&Prime; img_size=\u00a0\u00bb300&#215;200&Prime; style=\u00a0\u00bbvc_box_border\u00a0\u00bb css_animation=\u00a0\u00bbnone\u00a0\u00bb][\/vc_column][vc_column width=\u00a0\u00bb1\/2&Prime;][vc_column_text]<\/p>\n<h4>LIVRE D\u2019OR BASIC<\/h4>\n<hr style=\"padding-bottom: 15px;\">\n<ul>\n<li>28x24cm album avec 25 pages<\/li>\n<li>Jusqu&rsquo;\u00e0 50 bandes de photo \/ 25 cartes de photo<\/li>\n<li>Stylos en or et en argent et autocollants photo<\/li>\n<li>Signe personnalis\u00e9 sur la couverture<\/li>\n<li>Couverture noire avec reliure spirale<\/li>\n<li>Papier photo noir<\/li>\n<li>Disponible imm\u00e9diatement apr\u00e8s votre \u00e9v\u00e9nement<\/li>\n<\/ul>\n<p>[\/vc_column_text][\/vc_column][\/vc_row][vc_row][vc_column width=\u00a0\u00bb1\/2&Prime;][vc_single_image image=\u00a0\u00bb28779&Prime; img_size=\u00a0\u00bb300&#215;200&Prime; style=\u00a0\u00bbvc_box_border\u00a0\u00bb css_animation=\u00a0\u00bbnone\u00a0\u00bb][\/vc_column][vc_column width=\u00a0\u00bb1\/2&Prime;][vc_column_text]<\/p>\n<h4>LIVRE D\u2019OR PREMIUM<\/h4>\n<hr style=\"padding-bottom: 15px;\">\n<ul>\n<li>Album 26x25cm avec 50 pages<\/li>\n<li>Jusqu&rsquo;\u00e0 100 bandes de photo \/ 50 cartes de photo<\/li>\n<li>Marqueurs SHARPIE en or et argent et bandes WASHI<\/li>\n<li>Signe personnalis\u00e9 sur le luxueux drap en lin noir<\/li>\n<li>Papier photo noir avec intercalaires en verre<\/li>\n<li>Disponible imm\u00e9diatement apr\u00e8s votre \u00e9v\u00e9nement<\/li>\n<\/ul>\n<p>[\/vc_column_text][\/vc_column][\/vc_row][vc_row][vc_column offset=\u00a0\u00bbvc_hidden-md vc_hidden-sm vc_hidden-xs\u00a0\u00bb][vc_column_text]<\/p>\n<p>\n<a href=\"#\" class=\"float\"><span class=\"my-float\">DEMANDER UNE OFFRE<\/span><\/a><\/p>\n<p>[\/vc_column_text][\/vc_column][\/vc_row][vc_row][vc_column offset=\u00a0\u00bbvc_hidden-lg\u00a0\u00bb][vc_column_text]<\/p>\n<p>\n<a href=\"https:\/\/www.photo-booths.be\/fr\/contact\/\" class=\"float\"><span class=\"my-float\">DEMANDER UNE OFFRE<\/span><\/a><\/p>\n<p>[\/vc_column_text][\/vc_column][\/vc_row]<\/p>\n<\/div>","protected":false},"excerpt":{"rendered":"<p>[vc_row][vc_column][vc_column_text] NOTRE S\u00c9LECTION DE LIVRE D&rsquo;OR [\/vc_column_text][\/vc_column][\/vc_row][vc_row][vc_column][vc_column_text] Cr\u00e9ez un photo-m\u00e9moire personnalisable \u00e0 partir de votre Photo-Booth \u00e9v\u00e9nement. Vos invit\u00e9s pourront laisser des inscriptions (souhaits, remerciements) \u00e0 c\u00f4t\u00e9 des bandes photo avec des marqueurs en argent ou en or ou des stylos. Maintenant, avec nos livre d\u2019or r\u00e9tro et Premium, nous offrons de magnifiques bandes WASHI&hellip;<\/p>\n","protected":false},"author":1,"featured_media":0,"parent":0,"menu_order":0,"comment_status":"closed","ping_status":"closed","template":"","meta":{"footnotes":""},"class_list":["post-31709","page","type-page","status-publish","hentry","description-off"],"_links":{"self":[{"href":"https:\/\/www.photo-booths.be\/fr\/wp-json\/wp\/v2\/pages\/31709","targetHints":{"allow":["GET"]}}],"collection":[{"href":"https:\/\/www.photo-booths.be\/fr\/wp-json\/wp\/v2\/pages"}],"about":[{"href":"https:\/\/www.photo-booths.be\/fr\/wp-json\/wp\/v2\/types\/page"}],"author":[{"embeddable":true,"href":"https:\/\/www.photo-booths.be\/fr\/wp-json\/wp\/v2\/users\/1"}],"replies":[{"embeddable":true,"href":"https:\/\/www.photo-booths.be\/fr\/wp-json\/wp\/v2\/comments?post=31709"}],"version-history":[{"count":0,"href":"https:\/\/www.photo-booths.be\/fr\/wp-json\/wp\/v2\/pages\/31709\/revisions"}],"wp:attachment":[{"href":"https:\/\/www.photo-booths.be\/fr\/wp-json\/wp\/v2\/media?parent=31709"}],"curies":[{"name":"wp","href":"https:\/\/api.w.org\/{rel}","templated":true}]}}