{"id":31721,"date":"2017-10-19T10:53:40","date_gmt":"2017-10-19T08:53:40","guid":{"rendered":"http:\/\/www.photo-booths.be\/?page_id=31721"},"modified":"2025-03-21T10:01:19","modified_gmt":"2025-03-21T08:01:19","slug":"thank-you","status":"publish","type":"page","link":"https:\/\/www.photo-booths.be\/fr\/thank-you\/","title":{"rendered":"Merci pour votre demande | Photo Booths Belgium"},"content":{"rendered":"<h2>Merci pour votre demande<\/h2>\n<hr>\n<div style=\"width: 960px; padding: 30px;\">\nNous vous remercions de l&rsquo;int\u00e9r\u00eat que vous portez \u00e0 nos services. Nous vous r\u00e9pondrons d\u00e8s que possible.<br \/>\nUn r\u00e9sum\u00e9 de votre demande d&rsquo;offre a \u00e9t\u00e9 envoy\u00e9 \u00e0 votre e-mail.  <\/div>\n<p><img decoding=\"async\" data-src=\"https:\/\/www.photo-booths.be\/wp-content\/uploads\/2020\/01\/thank-you.jpg\" alt=\"\" width=\"960\" height=\"622\" class=\"alignnone size-full wp-image-37060 lazyload\" style=\"--smush-placeholder-width: 960px; --smush-placeholder-aspect-ratio: 960\/622;padding: 10px\" data-srcset=\"https:\/\/www.photo-booths.be\/wp-content\/uploads\/2020\/01\/thank-you.jpg 960w, https:\/\/www.photo-booths.be\/wp-content\/uploads\/2020\/01\/thank-you-300x194.jpg 300w, https:\/\/www.photo-booths.be\/wp-content\/uploads\/2020\/01\/thank-you-768x498.jpg 768w\" data-sizes=\"auto\" src=\"data:image\/svg+xml;base64,PHN2ZyB3aWR0aD0iMSIgaGVpZ2h0PSIxIiB4bWxucz0iaHR0cDovL3d3dy53My5vcmcvMjAwMC9zdmciPjwvc3ZnPg==\" data-original-sizes=\"(max-width: 960px) 100vw, 960px\" \/><\/p>\n","protected":false},"excerpt":{"rendered":"<p>Merci pour votre demande Nous vous remercions de l&rsquo;int\u00e9r\u00eat que vous portez \u00e0 nos services. Nous vous r\u00e9pondrons d\u00e8s que possible. Un r\u00e9sum\u00e9 de votre demande d&rsquo;offre a \u00e9t\u00e9 envoy\u00e9 \u00e0 votre e-mail.<\/p>\n","protected":false},"author":1,"featured_media":0,"parent":0,"menu_order":0,"comment_status":"closed","ping_status":"closed","template":"","meta":{"footnotes":""},"class_list":["post-31721","page","type-page","status-publish","hentry","description-off"],"_links":{"self":[{"href":"https:\/\/www.photo-booths.be\/fr\/wp-json\/wp\/v2\/pages\/31721","targetHints":{"allow":["GET"]}}],"collection":[{"href":"https:\/\/www.photo-booths.be\/fr\/wp-json\/wp\/v2\/pages"}],"about":[{"href":"https:\/\/www.photo-booths.be\/fr\/wp-json\/wp\/v2\/types\/page"}],"author":[{"embeddable":true,"href":"https:\/\/www.photo-booths.be\/fr\/wp-json\/wp\/v2\/users\/1"}],"replies":[{"embeddable":true,"href":"https:\/\/www.photo-booths.be\/fr\/wp-json\/wp\/v2\/comments?post=31721"}],"version-history":[{"count":0,"href":"https:\/\/www.photo-booths.be\/fr\/wp-json\/wp\/v2\/pages\/31721\/revisions"}],"wp:attachment":[{"href":"https:\/\/www.photo-booths.be\/fr\/wp-json\/wp\/v2\/media?parent=31721"}],"curies":[{"name":"wp","href":"https:\/\/api.w.org\/{rel}","templated":true}]}}