{"id":31740,"date":"2017-10-19T11:05:10","date_gmt":"2017-10-19T09:05:10","guid":{"rendered":"http:\/\/www.photo-booths.be\/?page_id=31740"},"modified":"2022-04-07T14:25:48","modified_gmt":"2022-04-07T12:25:48","slug":"rate-us","status":"publish","type":"page","link":"https:\/\/www.photo-booths.be\/fr\/rate-us\/","title":{"rendered":"Ecrirez un T\u00e9moignage | Photo Booths Belgique"},"content":{"rendered":"<h2>Ecrirez un T\u00e9moignage<\/h2>\n<hr style=\"padding-bottom: 20px;\">\n<p>\u00c9crirez un t\u00e9moignage pour nous. Nous appr\u00e9cierons mots d&rsquo;encouragement et de louange autant que la critique constructive ou id\u00e9es d&rsquo;am\u00e9lioration.<\/p>\n<p>[contact-form-7 id=\u00a0\u00bb44893&Prime; title=\u00a0\u00bbRate us FR\u00a0\u00bb]<\/p>\n","protected":false},"excerpt":{"rendered":"<p>Ecrirez un T\u00e9moignage \u00c9crirez un t\u00e9moignage pour nous. Nous appr\u00e9cierons mots d&rsquo;encouragement et de louange autant que la critique constructive ou id\u00e9es d&rsquo;am\u00e9lioration. [contact-form-7 id=\u00a0\u00bb44893&Prime; title=\u00a0\u00bbRate us FR\u00a0\u00bb]<\/p>\n","protected":false},"author":1,"featured_media":0,"parent":0,"menu_order":0,"comment_status":"closed","ping_status":"closed","template":"","meta":{"footnotes":""},"class_list":["post-31740","page","type-page","status-publish","hentry","description-off"],"_links":{"self":[{"href":"https:\/\/www.photo-booths.be\/fr\/wp-json\/wp\/v2\/pages\/31740","targetHints":{"allow":["GET"]}}],"collection":[{"href":"https:\/\/www.photo-booths.be\/fr\/wp-json\/wp\/v2\/pages"}],"about":[{"href":"https:\/\/www.photo-booths.be\/fr\/wp-json\/wp\/v2\/types\/page"}],"author":[{"embeddable":true,"href":"https:\/\/www.photo-booths.be\/fr\/wp-json\/wp\/v2\/users\/1"}],"replies":[{"embeddable":true,"href":"https:\/\/www.photo-booths.be\/fr\/wp-json\/wp\/v2\/comments?post=31740"}],"version-history":[{"count":0,"href":"https:\/\/www.photo-booths.be\/fr\/wp-json\/wp\/v2\/pages\/31740\/revisions"}],"wp:attachment":[{"href":"https:\/\/www.photo-booths.be\/fr\/wp-json\/wp\/v2\/media?parent=31740"}],"curies":[{"name":"wp","href":"https:\/\/api.w.org\/{rel}","templated":true}]}}