{"id":31852,"date":"2017-10-20T16:30:21","date_gmt":"2017-10-20T14:30:21","guid":{"rendered":"http:\/\/www.photo-booths.be\/?page_id=31852"},"modified":"2026-03-27T12:15:56","modified_gmt":"2026-03-27T10:15:56","slug":"deposit-payment","status":"publish","type":"page","link":"https:\/\/www.photo-booths.be\/fr\/deposit-payment\/","title":{"rendered":"Etape 2\/2 &#8211; Paiement de d\u00e9p\u00f4t."},"content":{"rendered":"<div class=\"wpb-content-wrapper\"><p>[vc_row][vc_column][vc_column_text]<\/p>\n<h3>Nous demandons un acompte de 100 \u20ac afin de finaliser votre r\u00e9servation<\/h3>\n<hr style=\"padding-bottom: 20px; border-top: 3px solide #cec2ab;\" \/>\n<p>Votre r\u00e9f\u00e9rence de r\u00e9servation est\u00a0: <strong><\/strong> . Afin de compl\u00e9ter une r\u00e9servation, nous demandons <strong>un acompte de 100 euros<\/strong>. L&rsquo;acompte sera d\u00e9duit du paiement final de votre facture. L&rsquo;acompte est n\u00e9cessaire pour r\u00e9server votre date.<\/p>\n<p>\u00a0[\/vc_column_text][\/vc_column][\/vc_row][vc_row][vc_column][vc_column_text]<\/p>\n<p><\/p>\n<p>[\/vc_column_text][\/vc_column][\/vc_row][vc_row][vc_column width=\u00a0\u00bb1\/2&Prime;][vc_cta h2=\u00a0\u00bb\u00a0\u00bb h4=\u00a0\u00bbPayer par virement bancaire:\u00a0\u00bb style=\u00a0\u00bboutline\u00a0\u00bb color=\u00a0\u00bbchino\u00a0\u00bb css=\u00a0\u00bb\u00a0\u00bb]\u00a0<\/p>\n<div id=\"virement-bancaire\">\n<div style=\"padding-top: 40px;\"><strong>Destinataire\u00a0:<\/strong> <em>Photo-Booths Benelux BV<\/em><br \/>\n<strong>Banque\u00a0:<\/strong> <em> REVOLUT<\/em><br \/>\n<strong>IBAN\u00a0:<\/strong> <em>IBAN\u00a0: BE40 9675 7789 6963 <\/em><br \/>\n<strong>BIC\/SWIFT\u00a0:<\/strong> <em>TRWIBEB1XXX<\/em><br \/>\n<strong>Montant\u00a0:<\/strong> <em>100\u00a0\u20ac<\/em><\/div>\n<p><\/p>\n<div style=\"color: #990000; padding-top: 25px; padding-bottom: 25px;\">\n<p>Veuillez \u00e9crire votre num\u00e9ro de r\u00e9f\u00e9rence dans le titre\u00a0:<\/p>\n<p><strong><\/strong>.<\/p>\n<\/div>\n<p><\/div>\n<p>\u00a0[\/vc_cta][\/vc_column][vc_column width=\u00a0\u00bb1\/2&Prime;][vc_cta h2=\u00a0\u00bb\u00a0\u00bb h4=\u00a0\u00bbPayer via Paypal \/ carte de cr\u00e9dit\u00a0:\u00a0\u00bb style=\u00a0\u00bboutline\u00a0\u00bb color=\u00a0\u00bbchino\u00a0\u00bb]\u00a0<\/p>\n<div style=\"color: #990000; padding-top: 40px; padding-bottom: 52px;\">\n<p>Une fois que vous aurez cliqu\u00e9 sur le bouton ci-dessous, vous serez redirig\u00e9 vers la page de paiement PayPal.<\/p>\n<\/div>\n<p><\/p>\n<div style=\"padding-left: 50\u00a0%; padding-bottom: 20px;\">\n<form action=\"https:\/\/www.paypal.com\/cgi-bin\/webscr\" method=\"post\" target=\"_top\"><input name=\"cmd\" type=\"hidden\" value=\"_s-xclick \" \/><br \/>\n<input name=\"hosted_button_id\" type=\"hidden\" value=\"ZN6QLEYLV22QS\" \/><input name=\"on0\" type=\"hidden\" value=\"Num\u00e9ro de r\u00e9f\u00e9rence\" \/>< input alt=\"PayPal - Le moyen le plus s\u00fbr et le plus simple de payer en ligne\u00a0!\" name=\"soumettre\" src=\"https:\/\/www.paypalobjects.com\/en_US\/BE\/i\/btn\/btn_paynowCC_LG.gif\" type=\"image\" \/><br \/>\n<img decoding=\"async\" data-src=\"https:\/\/www.paypalobjects.com\/en_US\/i\/scr\/pixel.gif\" alt=\"\" width=\"1\" height=\"1\" border=\"0\" src=\"data:image\/svg+xml;base64,PHN2ZyB3aWR0aD0iMSIgaGVpZ2h0PSIxIiB4bWxucz0iaHR0cDovL3d3dy53My5vcmcvMjAwMC9zdmciPjwvc3ZnPg==\" class=\"lazyload\" style=\"--smush-placeholder-width: 1px; --smush-placeholder-aspect-ratio: 1\/1;\" \/><\/form>\n<\/div>\n<p>\u00a0[\/vc_cta][\/vc_column][\/vc_row][vc_row][vc_column][vc_column_text]<\/p>\n<p><\/p>\n<p>[\/vc_column_text][\/vc_column][\/vc_row][vc_row][vc_column][vc_column_text]<\/p>\n<h3>Paiement du solde<\/h3>\n<hr style=\"padding-bottom: 20px; border-top: 3px solide #cec2ab;\" \/>\n<p><strong><span style=\"color: #b22222;\">Le montant total de la location du photomaton est \u00e0 r\u00e9gler avant l&rsquo;\u00e9v\u00e9nement<\/span><\/strong>, soit par virement bancaire, carte de cr\u00e9dit ou Bancontact. Nous vous enverrons une facture payable dans env. 14 jours avant votre \u00e9v\u00e9nement.<\/p>\n<p>\u00a0[\/vc_column_text][\/vc_column][\/vc_row]<\/p>\n<\/div>","protected":false},"excerpt":{"rendered":"<p>[vc_row][vc_column][vc_column_text] Nous demandons un acompte de 100 \u20ac afin de finaliser votre r\u00e9servation Votre r\u00e9f\u00e9rence de r\u00e9servation est\u00a0: . Afin de compl\u00e9ter une r\u00e9servation, nous demandons un acompte de 100 euros. L&rsquo;acompte sera d\u00e9duit du paiement final de votre facture. L&rsquo;acompte est n\u00e9cessaire pour r\u00e9server votre date. \u00a0[\/vc_column_text][\/vc_column][\/vc_row][vc_row][vc_column][vc_column_text] [\/vc_column_text][\/vc_column][\/vc_row][vc_row][vc_column width=\u00a0\u00bb1\/2&Prime;][vc_cta h2=\u00a0\u00bb\u00a0\u00bb h4=\u00a0\u00bbPayer par virement bancaire:\u00a0\u00bb&hellip;<\/p>\n","protected":false},"author":1,"featured_media":0,"parent":0,"menu_order":0,"comment_status":"closed","ping_status":"closed","template":"","meta":{"footnotes":""},"class_list":["post-31852","page","type-page","status-publish","hentry","description-off"],"_links":{"self":[{"href":"https:\/\/www.photo-booths.be\/fr\/wp-json\/wp\/v2\/pages\/31852","targetHints":{"allow":["GET"]}}],"collection":[{"href":"https:\/\/www.photo-booths.be\/fr\/wp-json\/wp\/v2\/pages"}],"about":[{"href":"https:\/\/www.photo-booths.be\/fr\/wp-json\/wp\/v2\/types\/page"}],"author":[{"embeddable":true,"href":"https:\/\/www.photo-booths.be\/fr\/wp-json\/wp\/v2\/users\/1"}],"replies":[{"embeddable":true,"href":"https:\/\/www.photo-booths.be\/fr\/wp-json\/wp\/v2\/comments?post=31852"}],"version-history":[{"count":0,"href":"https:\/\/www.photo-booths.be\/fr\/wp-json\/wp\/v2\/pages\/31852\/revisions"}],"wp:attachment":[{"href":"https:\/\/www.photo-booths.be\/fr\/wp-json\/wp\/v2\/media?parent=31852"}],"curies":[{"name":"wp","href":"https:\/\/api.w.org\/{rel}","templated":true}]}}