{"id":31868,"date":"2017-10-20T16:58:19","date_gmt":"2017-10-20T14:58:19","guid":{"rendered":"http:\/\/www.photo-booths.be\/?page_id=31868"},"modified":"2025-03-21T10:03:47","modified_gmt":"2025-03-21T08:03:47","slug":"invoice-payment","status":"publish","type":"page","link":"https:\/\/www.photo-booths.be\/fr\/invoice-payment\/","title":{"rendered":"Confirmation de r\u00e9servation &#8211; Merci pour votre r\u00e9servation"},"content":{"rendered":"<div class=\"wpb-content-wrapper\"><p>[vc_row][vc_column][vc_column_text css=\u00a0\u00bb\u00a0\u00bb]<\/p>\n<h2>Votre r\u00e9servation est maintenant termin\u00e9e.<\/h2>\n<hr style=\"padding-bottom: 20px;\">\n<p>Votre r\u00e9f\u00e9rence de r\u00e9servation est : <strong><\/strong> . Un e-mail contenant vos informations de r\u00e9servation vous a \u00e9t\u00e9 envoy\u00e9. <\/p>\n<p>[\/vc_column_text][vc_cta h2=\u00a0\u00bbPaiement de la facture\u00a0\u00bb style=\u00a0\u00bboutline\u00a0\u00bb color=\u00a0\u00bbchino\u00a0\u00bb css=\u00a0\u00bb\u00a0\u00bb]<\/p>\n<p>Nous \u00e9tablissons une facture dans les 5 jours. Nous demandons un paiement dans les 14 jours suivant la r\u00e9ception de la facture, sauf accord contraire. Tous les d\u00e9tails du paiement vous seront envoy\u00e9s avec votre facture.  <\/p>\n<p>[\/vc_cta][\/vc_column][\/vc_row]<\/p>\n<\/div>","protected":false},"excerpt":{"rendered":"<p>[vc_row][vc_column][vc_column_text css=\u00a0\u00bb\u00a0\u00bb] Votre r\u00e9servation est maintenant termin\u00e9e. Votre r\u00e9f\u00e9rence de r\u00e9servation est : . Un e-mail contenant vos informations de r\u00e9servation vous a \u00e9t\u00e9 envoy\u00e9. [\/vc_column_text][vc_cta h2=\u00a0\u00bbPaiement de la facture\u00a0\u00bb style=\u00a0\u00bboutline\u00a0\u00bb color=\u00a0\u00bbchino\u00a0\u00bb css=\u00a0\u00bb\u00a0\u00bb] Nous \u00e9tablissons une facture dans les 5 jours. Nous demandons un paiement dans les 14 jours suivant la r\u00e9ception de la facture,&hellip;<\/p>\n","protected":false},"author":1,"featured_media":0,"parent":0,"menu_order":0,"comment_status":"closed","ping_status":"closed","template":"","meta":{"footnotes":""},"class_list":["post-31868","page","type-page","status-publish","hentry","description-off"],"_links":{"self":[{"href":"https:\/\/www.photo-booths.be\/fr\/wp-json\/wp\/v2\/pages\/31868","targetHints":{"allow":["GET"]}}],"collection":[{"href":"https:\/\/www.photo-booths.be\/fr\/wp-json\/wp\/v2\/pages"}],"about":[{"href":"https:\/\/www.photo-booths.be\/fr\/wp-json\/wp\/v2\/types\/page"}],"author":[{"embeddable":true,"href":"https:\/\/www.photo-booths.be\/fr\/wp-json\/wp\/v2\/users\/1"}],"replies":[{"embeddable":true,"href":"https:\/\/www.photo-booths.be\/fr\/wp-json\/wp\/v2\/comments?post=31868"}],"version-history":[{"count":0,"href":"https:\/\/www.photo-booths.be\/fr\/wp-json\/wp\/v2\/pages\/31868\/revisions"}],"wp:attachment":[{"href":"https:\/\/www.photo-booths.be\/fr\/wp-json\/wp\/v2\/media?parent=31868"}],"curies":[{"name":"wp","href":"https:\/\/api.w.org\/{rel}","templated":true}]}}