{"id":31912,"date":"2017-10-20T17:27:51","date_gmt":"2017-10-20T15:27:51","guid":{"rendered":"http:\/\/www.photo-booths.be\/?page_id=31912"},"modified":"2026-01-23T12:50:36","modified_gmt":"2026-01-23T10:50:36","slug":"hire-agreement","status":"publish","type":"page","link":"https:\/\/www.photo-booths.be\/fr\/hire-agreement\/","title":{"rendered":"Termes et Conditions"},"content":{"rendered":"<div class=\"wpb-content-wrapper\"><p>[vc_row][vc_column][vc_column_text css=\u00a0\u00bb\u00a0\u00bb]<\/p>\n<p><\/p>\n<h2>Contrat de location \u2013 Conditions g\u00e9n\u00e9rales<\/h2>\n<p><\/p>\n<hr style=\"padding-bottom: 20px;\">\n<h4>Le Prestataire<\/h4>\n<p><\/p>\n<hr style=\"padding-bottom: 20px;\"><\/p>\n<p>\nPhoto-Booths Benelux BVBA est enregistr\u00e9e sous le nom et \u00e0 l\u2019adresse suivants :<br \/>\nPhoto-Booths Benelux BVBA, Rue du Congr\u00e8s 35, 1000 Bruxelles, Belgique.<br \/>\nNum\u00e9ro d\u2019entreprise : 0683.832.380.<br \/>\nNum\u00e9ro de TVA : BE0683.832.380.\n<\/p>\n<hr>\n<h4>Le Client<\/h4>\n<p><\/p>\n<hr style=\"padding-bottom: 20px;\"><\/p>\n<p>\nLa personne physique ou morale r\u00e9servant le Photobooth pour l\u2019\u00e9v\u00e9nement,<br \/>\ntel que pr\u00e9cis\u00e9 dans la Confirmation de r\u00e9servation.\n<\/p>\n<h4>Le Photobooth \/ Le Mat\u00e9riel<\/h4>\n<p><\/p>\n<hr style=\"padding-bottom: 20px;\"><\/p>\n<p>\nLe mat\u00e9riel comprend l\u2019ensemble des \u00e9l\u00e9ments constituant le Photobooth ainsi que<br \/>\nles \u00e9ventuels accessoires suppl\u00e9mentaires, notamment : Sharing Point, accessoires<br \/>\nde d\u00e9guisement, fonds photographiques, \u00e9clairages photographiques additionnels<br \/>\net c\u00e2bles.<br \/>\nLa composition des accessoires peut varier selon la location et est d\u00e9finie lors<br \/>\ndu processus de confirmation de r\u00e9servation.\n<\/p>\n<h4>Le Contrat de location<\/h4>\n<p><\/p>\n<hr style=\"padding-bottom: 20px;\"><\/p>\n<p>\nLe pr\u00e9sent Contrat de location et ses conditions constituent un accord entre le<br \/>\nPrestataire et le Client pour la location du Photobooth \u00e0 la date et \u00e0 l\u2019heure<br \/>\nmentionn\u00e9es dans la Confirmation de r\u00e9servation accept\u00e9e.<br \/>\nLe Client est r\u00e9put\u00e9 avoir accept\u00e9 le devis relatif \u00e0 la location du Photobooth,<br \/>\nainsi que les autres conditions (notamment la livraison) communiqu\u00e9es lors de la<br \/>\ncommande.\n<\/p>\n<p>\nLe pr\u00e9sent Contrat de location reste disponible sur le site internet et peut \u00eatre<br \/>\nconsult\u00e9 \u00e0 tout moment par le Client.<br \/>\nLa version du Contrat de location publi\u00e9e sur le site au moment de la r\u00e9servation<br \/>\nfait foi et s\u2019applique \u00e0 la r\u00e9servation du Client.<br \/>\nLe Prestataire se r\u00e9serve le droit de modifier ou mettre \u00e0 jour le pr\u00e9sent Contrat<br \/>\n\u00e0 tout moment. Toute nouvelle r\u00e9servation sera soumise aux conditions alors en vigueur.\n<\/p>\n<p>\nLe Prestataire se r\u00e9serve \u00e9galement le droit de modifier ses tarifs \u00e0 tout moment<br \/>\nsur les supports imprim\u00e9s et le site internet, sans pr\u00e9avis, sans que cela n\u2019affecte<br \/>\nles r\u00e9servations d\u00e9j\u00e0 confirm\u00e9es.\n<\/p>\n<h4>Service<\/h4>\n<p><\/p>\n<hr style=\"padding-bottom: 20px;\"><\/p>\n<p>\nLe Prestataire s\u2019engage \u00e0 fournir un Photobooth op\u00e9rationnel et disponible \u00e0 l\u2019usage<br \/>\npendant au moins 95 % de la dur\u00e9e de service convenue, telle que d\u00e9finie dans la<br \/>\nConfirmation de r\u00e9servation, afin de permettre d\u2019\u00e9ventuelles op\u00e9rations de maintenance.\n<\/p>\n<p>\nLe Prestataire apporte le plus grand soin au bon fonctionnement du mat\u00e9riel, \u00e0 la<br \/>\nqualit\u00e9 des photos et des impressions. Toutefois, en raison de la nature technologique<br \/>\ndu service et de l\u2019utilisation de papier et d\u2019encre, de courtes interruptions peuvent<br \/>\nsurvenir.<br \/>\nEn cas d\u2019indisponibilit\u00e9 due \u00e0 une d\u00e9faillance technique exc\u00e9dant 5 % de la dur\u00e9e de<br \/>\nservice convenue, un remboursement au prorata sera accord\u00e9.\n<\/p>\n<p>\nIl incombe exclusivement au Client de signaler imm\u00e9diatement tout dysfonctionnement<br \/>\nou interruption pendant l\u2019\u00e9v\u00e9nement par t\u00e9l\u00e9phone ou message.<br \/>\n\u00c0 d\u00e9faut de signalement pendant l\u2019\u00e9v\u00e9nement, aucun remboursement ne pourra \u00eatre accord\u00e9<br \/>\net la responsabilit\u00e9 du Prestataire ne pourra \u00eatre engag\u00e9e.\n<\/p>\n<p>\nLorsque la location inclut une imprimante photographique et que, pour quelque raison<br \/>\nque ce soit, les impressions ne peuvent \u00eatre fournies sur place, le Prestataire<br \/>\ns\u2019engage \u00e0 envoyer gratuitement une copie imprim\u00e9e de chaque photo par voie postale.\n<\/p>\n<h4>Acc\u00e8s, espace et alimentation \u00e9lectrique<\/h4>\n<p><\/p>\n<hr style=\"padding-bottom: 20px;\"><\/p>\n<p>\nLe Photobooth arrive sur le lieu de l\u2019\u00e9v\u00e9nement environ une heure avant l\u2019heure de<br \/>\nd\u00e9but pr\u00e9vue afin d\u2019effectuer l\u2019installation et les v\u00e9rifications n\u00e9cessaires.<br \/>\nIl appartient exclusivement au Client d\u2019obtenir l\u2019autorisation du lieu pour<br \/>\nl\u2019installation et l\u2019exploitation du Photobooth.\n<\/p>\n<p>\nL\u2019espace requis est d\u2019environ 3 m x 3 m et 2 m de hauteur, sur un sol plat, en int\u00e9rieur<br \/>\n(sauf accord contraire), avec un acc\u00e8s \u00e0 une prise \u00e9lectrique situ\u00e9e \u00e0 maximum 10 m.\n<\/p>\n<p>\nLe Client doit informer le Prestataire de toute restriction susceptible d\u2019affecter<br \/>\nl\u2019installation ou l\u2019exploitation du Photobooth. Le Prestataire ne pourra \u00eatre tenu<br \/>\nresponsable des cons\u00e9quences de telles restrictions sur l\u2019exp\u00e9rience ou la qualit\u00e9<br \/>\ndes photos.\n<\/p>\n<p>\nLe Photobooth est supervis\u00e9 \u00e0 distance pendant toute la dur\u00e9e de l\u2019\u00e9v\u00e9nement.<br \/>\nUne personne d\u00e9di\u00e9e est disponible en cas de probl\u00e8me technique.<br \/>\nLe Sharing Point n\u00e9cessite une connexion internet pour ses fonctionnalit\u00e9s sociales,<br \/>\nfournie via une connexion mobile. Le Prestataire ne peut \u00eatre tenu responsable des<br \/>\nralentissements ou interruptions li\u00e9s \u00e0 la technologie mobile.\n<\/p>\n<p>\nEn cas de retard imputable au Prestataire, la dur\u00e9e de location pourra \u00eatre prolong\u00e9e<br \/>\ndu temps \u00e9quivalent. En cas de retard d\u00fb \u00e0 des restrictions d\u2019acc\u00e8s, la dur\u00e9e de<br \/>\nlocation restera inchang\u00e9e.\n<\/p>\n<h4>Utilisation du mat\u00e9riel<\/h4>\n<p><\/p>\n<hr style=\"padding-bottom: 20px;\"><\/p>\n<p>\nLe Photobooth doit \u00eatre utilis\u00e9 avec soin et conform\u00e9ment aux instructions du Prestataire.<br \/>\nToute utilisation contraire \u00e0 la loi ou susceptible d\u2019endommager le mat\u00e9riel est interdite.<br \/>\nLe Photobooth ne peut \u00eatre utilis\u00e9 par des enfants sans la supervision d\u2019un adulte responsable.\n<\/p>\n<h4>Paiements<\/h4>\n<p><\/p>\n<hr style=\"padding-bottom: 20px;\">\n<p><strong>R\u00e9servations priv\u00e9es<\/strong><br \/>\nPour toute r\u00e9servation effectu\u00e9e par un particulier, un <strong>acompte de 100 \u20ac<\/strong><br \/>\nest requis afin de confirmer la r\u00e9servation.<br \/>\nLe formulaire de r\u00e9servation d\u00fbment compl\u00e9t\u00e9 doit \u00eatre re\u00e7u par le Prestataire.<br \/>\nLe contrat de location n\u2019entre en vigueur qu\u2019apr\u00e8s confirmation \u00e9crite du Prestataire.\n<\/p>\n<p>\nEn cas exceptionnel de double r\u00e9servation, le Prestataire informera le Client et<br \/>\nremboursera l\u2019int\u00e9gralit\u00e9 de l\u2019acompte dans un d\u00e9lai de 14 jours.<br \/>\nLe solde restant est payable au plus tard 14 jours avant l\u2019\u00e9v\u00e9nement, ou imm\u00e9diatement<br \/>\nsi la r\u00e9servation intervient moins de 14 jours avant l\u2019\u00e9v\u00e9nement.<br \/>\n\u00c0 d\u00e9faut de paiement dans les d\u00e9lais, la r\u00e9servation peut \u00eatre annul\u00e9e.\n<\/p>\n<p>\nSous r\u00e9serve qu\u2019aucune perte ou d\u00e9gradation n\u2019ait \u00e9t\u00e9 constat\u00e9e, l\u2019acompte sera rembours\u00e9<br \/>\ndans un d\u00e9lai de 7 jours suivant l\u2019\u00e9v\u00e9nement.<br \/>\nEn cas de demandes sp\u00e9cifiques non incluses dans l\u2019offre initiale, le Prestataire se<br \/>\nr\u00e9serve le droit d\u2019exiger un acompte suppl\u00e9mentaire.\n<\/p>\n<p><strong>R\u00e9servations d\u2019entreprise<\/strong><br \/>\nPour les r\u00e9servations effectu\u00e9es par des entreprises, une facture est \u00e9mise avec un<br \/>\nd\u00e9lai de paiement standard de <strong>14 jours<\/strong> (sauf accord contraire).<br \/>\nAucun acompte n\u2019est requis pour les r\u00e9servations d\u2019entreprise.\n<\/p>\n<p><strong>Retard de paiement \u2013 applicable \u00e0 tous les clients (particuliers et entreprises)<\/strong><br \/>\nEn cas de retard de paiement, qu\u2019il s\u2019agisse d\u2019un Client particulier ou professionnel,<br \/>\nune <strong>indemnit\u00e9 forfaitaire de retard de 40 \u20ac<\/strong> devient imm\u00e9diatement exigible.<br \/>\nEn outre, le Prestataire se r\u00e9serve le droit d\u2019appliquer des<br \/>\n<strong>int\u00e9r\u00eats de retard au taux de 1 % par mois<\/strong> sur tout montant impay\u00e9,<br \/>\ncalcul\u00e9s \u00e0 partir de la date d\u2019\u00e9ch\u00e9ance jusqu\u2019au paiement complet,<br \/>\nsans mise en demeure pr\u00e9alable.\n<\/p>\n<p>[\/vc_column_text][\/vc_column][\/vc_row]<\/p>\n<\/div>","protected":false},"excerpt":{"rendered":"<p>[vc_row][vc_column][vc_column_text css=\u00a0\u00bb\u00a0\u00bb] Contrat de location \u2013 Conditions g\u00e9n\u00e9rales Le Prestataire Photo-Booths Benelux BVBA est enregistr\u00e9e sous le nom et \u00e0 l\u2019adresse suivants : Photo-Booths Benelux BVBA, Rue du Congr\u00e8s 35, 1000 Bruxelles, Belgique. Num\u00e9ro d\u2019entreprise : 0683.832.380. Num\u00e9ro de TVA : BE0683.832.380. Le Client La personne physique ou morale r\u00e9servant le Photobooth pour l\u2019\u00e9v\u00e9nement, tel&hellip;<\/p>\n","protected":false},"author":1,"featured_media":0,"parent":0,"menu_order":0,"comment_status":"closed","ping_status":"closed","template":"","meta":{"footnotes":""},"class_list":["post-31912","page","type-page","status-publish","hentry","description-off"],"_links":{"self":[{"href":"https:\/\/www.photo-booths.be\/fr\/wp-json\/wp\/v2\/pages\/31912","targetHints":{"allow":["GET"]}}],"collection":[{"href":"https:\/\/www.photo-booths.be\/fr\/wp-json\/wp\/v2\/pages"}],"about":[{"href":"https:\/\/www.photo-booths.be\/fr\/wp-json\/wp\/v2\/types\/page"}],"author":[{"embeddable":true,"href":"https:\/\/www.photo-booths.be\/fr\/wp-json\/wp\/v2\/users\/1"}],"replies":[{"embeddable":true,"href":"https:\/\/www.photo-booths.be\/fr\/wp-json\/wp\/v2\/comments?post=31912"}],"version-history":[{"count":0,"href":"https:\/\/www.photo-booths.be\/fr\/wp-json\/wp\/v2\/pages\/31912\/revisions"}],"wp:attachment":[{"href":"https:\/\/www.photo-booths.be\/fr\/wp-json\/wp\/v2\/media?parent=31912"}],"curies":[{"name":"wp","href":"https:\/\/api.w.org\/{rel}","templated":true}]}}