{"id":31917,"date":"2016-09-06T17:54:53","date_gmt":"2016-09-06T15:54:53","guid":{"rendered":"http:\/\/www.photo-booths.be\/funny-photo-booth-accessories\/"},"modified":"2025-03-21T13:00:29","modified_gmt":"2025-03-21T11:00:29","slug":"funny-photo-booth-accessories","status":"publish","type":"page","link":"https:\/\/www.photo-booths.be\/fr\/funny-photo-booth-accessories\/","title":{"rendered":"Accessoires dr\u00f4les pour Photo Booths | Photo Booths Belgique"},"content":{"rendered":"<div class=\"wpb-content-wrapper\"><p>[vc_row][vc_column][vc_column_text]<\/p>\n<h2>Accessoires amusants pour le photo booth.<\/h2>\n<hr style=\"padding-bottom: 20px;\">\n<p>Chaque location comprend soit deux ensembles d&rsquo;accessoires classiques en papier sur des b\u00e2tons en bois, soit deux bo\u00eetes compl\u00e8tes d&rsquo;accessoires de d\u00e9guisement hilarants.<\/p>\n<h3 style=\"padding-top:30px;\">Accessoires en papier sur b\u00e2tonnets en bois<\/h3>\n<hr style=\"padding-bottom: 20px;\">\n<p>Ces masques sont id\u00e9aux pour rendre votre photo booth encore plus amusant. Il y a 76 masques amusants sur un b\u00e2ton en bois, tels que des lunettes, des barbes, des l\u00e8vres, des cravates et des chapeaux. <\/p>\n<hr>\n\n<h3 style=\"padding-top: 30px;\">Accessoires de d\u00e9guisement<\/h3>\n<hr style=\"padding-bottom: 20px;\">\n<p>C&rsquo;est une option pour les clients les plus exigeants. Nous fournissons 2 bo\u00eetes compl\u00e8tes de lunettes, masques, perruques et chapeaux. Il n&rsquo;y a rien de mieux que cela.  <\/p>\n<hr>\n<hr>\n<p>[\/vc_column_text][\/vc_column][\/vc_row][vc_row][vc_column offset=\u00a0\u00bbvc_hidden-md vc_hidden-sm vc_hidden-xs\u00a0\u00bb][vc_column_text]<\/p>\n<p>\n<a href=\"#\" class=\"float\"><span class=\"my-float\">DEMANDER UNE OFFRE<\/span><\/a><\/p>\n<p>[\/vc_column_text][\/vc_column][\/vc_row][vc_row][vc_column offset=\u00a0\u00bbvc_hidden-lg\u00a0\u00bb][vc_column_text]<\/p>\n<p>\n<a href=\"https:\/\/www.photo-booths.be\/fr\/contact\/\" class=\"float\"><span class=\"my-float\">DEMANDER UNE OFFRE<\/span><\/a><\/p>\n<p>[\/vc_column_text][\/vc_column][\/vc_row]<\/p>\n<\/div>","protected":false},"excerpt":{"rendered":"<p>[vc_row][vc_column][vc_column_text] Accessoires amusants pour le photo booth. Chaque location comprend soit deux ensembles d&rsquo;accessoires classiques en papier sur des b\u00e2tons en bois, soit deux bo\u00eetes compl\u00e8tes d&rsquo;accessoires de d\u00e9guisement hilarants. Accessoires en papier sur b\u00e2tonnets en bois Ces masques sont id\u00e9aux pour rendre votre photo booth encore plus amusant. Il y a 76 masques amusants&hellip;<\/p>\n","protected":false},"author":1,"featured_media":0,"parent":0,"menu_order":0,"comment_status":"closed","ping_status":"closed","template":"","meta":{"footnotes":""},"class_list":["post-31917","page","type-page","status-publish","hentry","description-off"],"_links":{"self":[{"href":"https:\/\/www.photo-booths.be\/fr\/wp-json\/wp\/v2\/pages\/31917","targetHints":{"allow":["GET"]}}],"collection":[{"href":"https:\/\/www.photo-booths.be\/fr\/wp-json\/wp\/v2\/pages"}],"about":[{"href":"https:\/\/www.photo-booths.be\/fr\/wp-json\/wp\/v2\/types\/page"}],"author":[{"embeddable":true,"href":"https:\/\/www.photo-booths.be\/fr\/wp-json\/wp\/v2\/users\/1"}],"replies":[{"embeddable":true,"href":"https:\/\/www.photo-booths.be\/fr\/wp-json\/wp\/v2\/comments?post=31917"}],"version-history":[{"count":0,"href":"https:\/\/www.photo-booths.be\/fr\/wp-json\/wp\/v2\/pages\/31917\/revisions"}],"wp:attachment":[{"href":"https:\/\/www.photo-booths.be\/fr\/wp-json\/wp\/v2\/media?parent=31917"}],"curies":[{"name":"wp","href":"https:\/\/api.w.org\/{rel}","templated":true}]}}