{"id":35178,"date":"2018-09-10T11:49:04","date_gmt":"2018-09-10T09:49:04","guid":{"rendered":"https:\/\/www.photo-booths.be\/cool-jobs\/"},"modified":"2025-03-21T15:27:51","modified_gmt":"2025-03-21T13:27:51","slug":"cool-jobs","status":"publish","type":"page","link":"https:\/\/www.photo-booths.be\/fr\/cool-jobs\/","title":{"rendered":"Photo-Booths.BE recrute ! &#8211; Vous \u00eates \u00e0 la recherche d&rsquo;un emploi ?"},"content":{"rendered":"<div class=\"wpb-content-wrapper\"><p>[vc_row][vc_column][vc_column_text]<\/p>\n<h1>Photo-Booths.BE recrute !<\/h1>\n<hr style=\"padding-bottom: 20px;\">\n<p><img decoding=\"async\" data-src=\"https:\/\/www.photo-booths.be\/wp-content\/uploads\/2018\/09\/job-advert.jpg\" alt=\"\" width=\"3508\" height=\"2480\" class=\"alignnone size-full wp-image-35197 lazyload\" data-srcset=\"https:\/\/www.photo-booths.be\/wp-content\/uploads\/2018\/09\/job-advert.jpg 1800w, https:\/\/www.photo-booths.be\/wp-content\/uploads\/2018\/09\/job-advert-300x212.jpg 300w, https:\/\/www.photo-booths.be\/wp-content\/uploads\/2018\/09\/job-advert-768x543.jpg 768w, https:\/\/www.photo-booths.be\/wp-content\/uploads\/2018\/09\/job-advert-1024x724.jpg 1024w, https:\/\/www.photo-booths.be\/wp-content\/uploads\/2018\/09\/job-advert-500x353.jpg 500w, https:\/\/www.photo-booths.be\/wp-content\/uploads\/2018\/09\/job-advert-1170x827.jpg 1170w, https:\/\/www.photo-booths.be\/wp-content\/uploads\/2018\/09\/job-advert-745x527.jpg 745w, https:\/\/www.photo-booths.be\/wp-content\/uploads\/2018\/09\/job-advert-1008x713.jpg 1008w\" data-sizes=\"auto\" src=\"data:image\/svg+xml;base64,PHN2ZyB3aWR0aD0iMSIgaGVpZ2h0PSIxIiB4bWxucz0iaHR0cDovL3d3dy53My5vcmcvMjAwMC9zdmciPjwvc3ZnPg==\" style=\"--smush-placeholder-width: 3508px; --smush-placeholder-aspect-ratio: 3508\/2480;\" data-original-sizes=\"(max-width: 3508px) 100vw, 3508px\" \/><\/p>\n<div style=\"text-align: justify; padding: 20px 0;\">Chez nous, vous pouvez vous attendre \u00e0 des activit\u00e9s passionnantes et vari\u00e9es dans une start-up jeune et dynamique, que vous apprendrez \u00e0 conna\u00eetre de A \u00e0 Z. Nous proposons des horaires flexibles ou du travail pendant les week-ends, afin que vous puissiez acqu\u00e9rir une exp\u00e9rience professionnelle pr\u00e9cieuse et pertinente et compl\u00e9ter vos finances, sans interf\u00e9rer avec vos \u00e9tudes. Nous recherchons actuellement des \u00e9tudiants cr\u00e9atifs et fiables pour occuper deux postes : Assistant commercial et marketing junior (horaires flexibles en semaine) et Assistant photomaton (travail principalement le week-end). <\/div>\n<p>[\/vc_column_text][vc_column_text]<\/p>\n<h3>Qui sommes-nous ?<\/h3>\n<hr style=\"padding-bottom: 20px;\">\n<div style=\"text-align: justify; padding: 20px 0;\">\n<p>Photo-booths.be est une agence de marketing photo de premier plan. Notre entreprise s&rsquo;est rapidement d\u00e9velopp\u00e9e depuis son d\u00e9marrage en 2017 et est active dans toutes les provinces de Belgique. Nous avons \u00e9galement d\u00e9marr\u00e9 des activit\u00e9s aux Pays-Bas, en France et en Allemagne. Notre offre de services r\u00e9pond aux besoins des marques les plus populaires et les plus importantes dans tous les secteurs, telles que Michelin, BMW, Marriott, KBC, Telenet et bien plus encore. Photo-booths.be est la combinaison de la technologie, du marketing et du savoir-faire en mati\u00e8re d&rsquo;\u00e9v\u00e9nements. Gr\u00e2ce \u00e0 notre logiciel et \u00e0 une large gamme de syst\u00e8mes photo, nous cr\u00e9ons d&rsquo;excellents effets cr\u00e9atifs qui donnent aux gens un moment d&rsquo;\u00e9merveillement et nous offrons en m\u00eame temps des outils de marketing avanc\u00e9s \u00e0 nos clients.     <\/divn><\/p>\n<p>[\/vc_column_text][\/vc_column][\/vc_row][vc_row][vc_column width=\u00a0\u00bb1\/2&Prime;][vc_column_text]<\/p>\n<h3>Assistant(e) commercial(e) et marketing junior<\/h3>\n<hr style=\"padding-bottom: 20px;\">\n<p><img decoding=\"async\" data-src=\"https:\/\/www.photo-booths.be\/wp-content\/uploads\/2018\/09\/office-job.jpg\" alt=\"\" width=\"774\" height=\"619\" class=\"alignnone size-full wp-image-35185 lazyload\" data-srcset=\"https:\/\/www.photo-booths.be\/wp-content\/uploads\/2018\/09\/office-job.jpg 774w, https:\/\/www.photo-booths.be\/wp-content\/uploads\/2018\/09\/office-job-300x240.jpg 300w, https:\/\/www.photo-booths.be\/wp-content\/uploads\/2018\/09\/office-job-768x614.jpg 768w, https:\/\/www.photo-booths.be\/wp-content\/uploads\/2018\/09\/office-job-500x400.jpg 500w, https:\/\/www.photo-booths.be\/wp-content\/uploads\/2018\/09\/office-job-745x596.jpg 745w\" data-sizes=\"auto\" src=\"data:image\/svg+xml;base64,PHN2ZyB3aWR0aD0iMSIgaGVpZ2h0PSIxIiB4bWxucz0iaHR0cDovL3d3dy53My5vcmcvMjAwMC9zdmciPjwvc3ZnPg==\" style=\"--smush-placeholder-width: 774px; --smush-placeholder-aspect-ratio: 774\/619;\" data-original-sizes=\"(max-width: 774px) 100vw, 774px\" \/><\/p>\n<div style=\"text-align: justify;\">Acqu\u00e9rir une exp\u00e9rience pr\u00e9cieuse en tant que professionnel du marketing dans un environnement de d\u00e9marrage unique. Photo-booths.be est \u00e0 la recherche d&rsquo;assistants marketing et commerciaux juniors qui souhaitent d\u00e9couvrir l&rsquo;\u00e9volution du commerce en ligne et de la gestion d&rsquo;\u00e9v\u00e9nements. Sous la direction du responsable marketing, vous d\u00e9couvrirez comment la promotion, les ventes et l&rsquo;inventaire fonctionnent dans l&rsquo;environnement actuel du commerce \u00e9lectronique. En assumant diverses t\u00e2ches, vous aiderez l&rsquo;entreprise \u00e0 atteindre ses objectifs en mati\u00e8re de marketing et de vente.   <\/div>\n<p>[\/vc_column_text][vc_column_text]<\/p>\n<h3>Responsabilit\u00e9s<\/h3>\n<hr style=\"padding-bottom: 20px;\">\n<ul>\n<li><span style=\"font-weight: 400;\">Mettre \u00e0 jour p\u00e9riodiquement les prix, la photographie et le contenu des produits.  <\/span><\/li>\n<li><span style=\"font-weight: 400;\">Compiler les donn\u00e9es d&rsquo;analyse et de vente pour la pr\u00e9paration des rapports.<\/span><\/li>\n<li><span style=\"font-weight: 400;\">Participez \u00e0 la recherche et \u00e0 l&rsquo;ex\u00e9cution de campagnes sur les m\u00e9dias sociaux (newsletters, Instagram, Facebook, site web).<\/span><\/li>\n<li><span style=\"font-weight: 400;\">Communiquer avec les clients et les fournisseurs et entretenir les relations<\/span><\/li>\n<li><span style=\"font-weight: 400;\">R\u00e9aliser des \u00e9tudes de march\u00e9 et suivre les derniers d\u00e9veloppements en Belgique et \u00e0 l&rsquo;\u00e9tranger.<\/span><\/li>\n<li><span style=\"font-weight: 400;\">Assister le service de marketing et de communication dans d&rsquo;autres t\u00e2ches quotidiennes <\/span>.<\/li>\n<\/ul>\n<p>[\/vc_column_text][vc_column_text]<\/p>\n<h3>Exigences<\/h3>\n<hr style=\"padding-bottom: 20px;\">\n<ul>\n<li><span style=\"font-weight: 400;\">Id\u00e9alement, premi\u00e8re exp\u00e9rience dans l&rsquo;organisation d&rsquo;\u00e9v\u00e9nements et\/ou la gestion de projets.<\/span><\/li>\n<li><span style=\"font-weight: 400;\">talent multit\u00e2che et capacit\u00e9 \u00e0 garder le fil, m\u00eame en cas de stress<\/span><\/li>\n<li><span style=\"font-weight: 400;\">Forte orientation vers le service, flexibilit\u00e9 et empathie<\/span><\/li>\n<li><span style=\"font-weight: 400;\">S\u00e9curit\u00e9 dans l&rsquo;utilisation de MS Office et tr\u00e8s bonne connaissance de l&rsquo;anglais<\/span><\/li>\n<li><span style=\"font-weight: 400;\">Travail d&rsquo;\u00e9quipe et aptitudes \u00e0 la communication<\/span><\/li>\n<li><span style=\"font-weight: 400;\">M\u00e9thode de travail ind\u00e9pendante et structur\u00e9e<\/span><\/li>\n<li><span style=\"font-weight: 400;\">Volont\u00e9 de suivre les \u00e9v\u00e9nements le week-end<\/span><\/li>\n<\/ul>\n<p>[\/vc_column_text][\/vc_column][vc_column width=\u00a0\u00bb1\/2&Prime;][vc_column_text]<\/p>\n<h3>Assistant(e) au photo booth<\/h3>\n<hr style=\"padding-bottom: 20px;\">\n<p><img decoding=\"async\" data-src=\"https:\/\/www.photo-booths.be\/wp-content\/uploads\/2018\/09\/field-job.jpg\" alt=\"\" width=\"799\" height=\"599\" class=\"size-full wp-image-35188 lazyload\" style=\"--smush-placeholder-width: 799px; --smush-placeholder-aspect-ratio: 799\/599;padding-top: 40px;\" data-srcset=\"https:\/\/www.photo-booths.be\/wp-content\/uploads\/2018\/09\/field-job.jpg 799w, https:\/\/www.photo-booths.be\/wp-content\/uploads\/2018\/09\/field-job-300x225.jpg 300w, https:\/\/www.photo-booths.be\/wp-content\/uploads\/2018\/09\/field-job-768x576.jpg 768w, https:\/\/www.photo-booths.be\/wp-content\/uploads\/2018\/09\/field-job-500x375.jpg 500w, https:\/\/www.photo-booths.be\/wp-content\/uploads\/2018\/09\/field-job-745x559.jpg 745w\" data-sizes=\"auto\" src=\"data:image\/svg+xml;base64,PHN2ZyB3aWR0aD0iMSIgaGVpZ2h0PSIxIiB4bWxucz0iaHR0cDovL3d3dy53My5vcmcvMjAwMC9zdmciPjwvc3ZnPg==\" data-original-sizes=\"(max-width: 799px) 100vw, 799px\" \/><\/p>\n<div style=\"text-align: justify;\">Photo-Booths.BE est \u00e0 la recherche d&rsquo;\u00e9tudiants fiables et f\u00e9rus de technologie pour rejoindre notre \u00e9quipe. En tant que start-up, nous offrons une r\u00e9elle opportunit\u00e9 de cr\u00e9er une activit\u00e9 amusante et cr\u00e9ative. Vous travaillerez en \u00e9troite collaboration avec les organisateurs d&rsquo;\u00e9v\u00e9nements et les responsables de sites. La principale responsabilit\u00e9 est de livrer et d&rsquo;installer l&rsquo;\u00e9quipement du photo booth dans des lieux haut de gamme en Belgique. Une formation compl\u00e8te vous sera dispens\u00e9e, mais une connaissance de base de la photographie et de l&rsquo;environnement Windows serait un avantage.    <\/div>\n<p>[\/vc_column_text][vc_column_text]<\/p>\n<h3>Responsabilit\u00e9s<\/h3>\n<hr style=\"padding-bottom: 20px;\">\n<ul>\n<li>Livraison de mat\u00e9riel de photomaton<\/li>\n<li>Mise en place du mat\u00e9riel photographique<\/li>\n<li>Communiquer avec les organisateurs d&rsquo;\u00e9v\u00e9nements\/gestionnaires de sites<\/li>\n<li>R\u00e9solution de probl\u00e8mes techniques<\/li>\n<li>Respecter les lignes directrices et les normes<\/li>\n<li>Travailler le week-end et le soir<\/li>\n<li>Soulever des objets lourds<\/li>\n<\/ul>\n<p>[\/vc_column_text][vc_column_text]<\/p>\n<h3>Exigences<\/h3>\n<hr style=\"padding-bottom: 20px;\">\n<ul>\n<li>Connaissance de base des appareils photo num\u00e9riques Canon\/Nikon<\/li>\n<li>Comp\u00e9tences en mati\u00e8re de r\u00e9solution de probl\u00e8mes informatiques<\/li>\n<li>Permis de conduire de cat\u00e9gorie B<\/li>\n<li>Bonne connaissance du syst\u00e8me d&rsquo;exploitation Windows<\/li>\n<li>Bonnes comp\u00e9tences interpersonnelles<\/li>\n<li>Capacit\u00e9 \u00e0 communiquer en anglais et en n\u00e9erlandais ou en fran\u00e7ais<\/li>\n<li>Fiabilit\u00e9 et ponctualit\u00e9<\/li>\n<\/ul>\n<p>[\/vc_column_text][\/vc_column][\/vc_row][vc_row][vc_column][vc_column_text]<\/p>\n<h3>Comment postuler ?<\/h3>\n<hr style=\"padding-bottom: 20px;\">\n<p><span style=\"font-weight: 400;\">Nous avons suscit\u00e9 votre int\u00e9r\u00eat ? Envoyez alors votre dossier de candidature (lettre de motivation, CV, r\u00e9f\u00e9rences) en indiquant votre date d&rsquo;entr\u00e9e en fonction la plus proche possible \u00e0 <a href=\"mailto:info@photo-booths.be\">info@photo-booths.be.<\/a> Nous restons \u00e0 votre disposition pour toute question compl\u00e9mentaire.  <\/span><span style=\"font-weight: 400;\"><br \/><\/span><span style=\"font-weight: 400;\"><br \/><\/span><span style=\"font-weight: 400;\">Nous attendons avec impatience votre candidature !<\/span><\/p>\n<p>[\/vc_column_text][\/vc_column][\/vc_row]<\/p>\n<\/div>","protected":false},"excerpt":{"rendered":"<p>[vc_row][vc_column][vc_column_text] Photo-Booths.BE recrute ! Chez nous, vous pouvez vous attendre \u00e0 des activit\u00e9s passionnantes et vari\u00e9es dans une start-up jeune et dynamique, que vous apprendrez \u00e0 conna\u00eetre de A \u00e0 Z. Nous proposons des horaires flexibles ou du travail pendant les week-ends, afin que vous puissiez acqu\u00e9rir une exp\u00e9rience professionnelle pr\u00e9cieuse et pertinente et compl\u00e9ter&hellip;<\/p>\n","protected":false},"author":1,"featured_media":0,"parent":0,"menu_order":0,"comment_status":"closed","ping_status":"closed","template":"","meta":{"footnotes":""},"class_list":["post-35178","page","type-page","status-publish","hentry","description-off"],"_links":{"self":[{"href":"https:\/\/www.photo-booths.be\/fr\/wp-json\/wp\/v2\/pages\/35178","targetHints":{"allow":["GET"]}}],"collection":[{"href":"https:\/\/www.photo-booths.be\/fr\/wp-json\/wp\/v2\/pages"}],"about":[{"href":"https:\/\/www.photo-booths.be\/fr\/wp-json\/wp\/v2\/types\/page"}],"author":[{"embeddable":true,"href":"https:\/\/www.photo-booths.be\/fr\/wp-json\/wp\/v2\/users\/1"}],"replies":[{"embeddable":true,"href":"https:\/\/www.photo-booths.be\/fr\/wp-json\/wp\/v2\/comments?post=35178"}],"version-history":[{"count":0,"href":"https:\/\/www.photo-booths.be\/fr\/wp-json\/wp\/v2\/pages\/35178\/revisions"}],"wp:attachment":[{"href":"https:\/\/www.photo-booths.be\/fr\/wp-json\/wp\/v2\/media?parent=35178"}],"curies":[{"name":"wp","href":"https:\/\/api.w.org\/{rel}","templated":true}]}}